{"id":1967,"date":"2025-02-13T15:50:29","date_gmt":"2025-02-13T15:50:29","guid":{"rendered":"https:\/\/sprintkft.hu\/?page_id=1967"},"modified":"2025-02-13T16:01:53","modified_gmt":"2025-02-13T16:01:53","slug":"adatkezelesi-szabalyzat","status":"publish","type":"page","link":"https:\/\/sprintkft.hu\/?page_id=1967","title":{"rendered":"Adatkezel\u00e9si szab\u00e1lyzat"},"content":{"rendered":"\t\t<div data-elementor-type=\"wp-page\" data-elementor-id=\"1967\" class=\"elementor elementor-1967\">\n\t\t\t\t<div class=\"elementor-element elementor-element-5476df0 e-con-full color-style-two e-flex e-con e-parent\" data-id=\"5476df0\" data-element_type=\"container\" id=\"home\" data-settings=\"{&quot;background_background&quot;:&quot;classic&quot;}\">\n\t\t\t\t<\/div>\n\t\t<div class=\"elementor-element elementor-element-c854de2 e-flex e-con-boxed e-con e-parent\" data-id=\"c854de2\" data-element_type=\"container\">\n\t\t\t\t\t<div class=\"e-con-inner\">\n\t\t\t\t<div class=\"elementor-element elementor-element-d01dec8 elementor-widget elementor-widget-heading\" data-id=\"d01dec8\" data-element_type=\"widget\" data-widget_type=\"heading.default\">\n\t\t\t\t<div class=\"elementor-widget-container\">\n\t\t\t\t\t<h2 class=\"elementor-heading-title elementor-size-default\">Adatkezel\u00e9si szab\u00e1lyzat<\/h2>\t\t\t\t<\/div>\n\t\t\t\t<\/div>\n\t\t\t\t\t<\/div>\n\t\t\t\t<\/div>\n\t\t<div class=\"elementor-element elementor-element-67e86c1 e-flex e-con-boxed e-con e-parent\" data-id=\"67e86c1\" data-element_type=\"container\">\n\t\t\t\t\t<div class=\"e-con-inner\">\n\t\t\t\t<div class=\"elementor-element elementor-element-746601c elementor-widget elementor-widget-text-editor\" data-id=\"746601c\" data-element_type=\"widget\" data-widget_type=\"text-editor.default\">\n\t\t\t\t<div class=\"elementor-widget-container\">\n\t\t\t\t\t\t\t\t\t<p><strong>Adatkezel\u0151 adatai:<\/strong><\/p><p>Sprint Kft.<br \/>Sz\u00e9khely: 5650 Mez\u0151ber\u00e9ny, Oltv\u00e1nykert utca 17.<br \/>Ad\u00f3sz\u00e1m: 12510472-2-04<br \/>E-mail: <a>sprint.kft2000@gmail.com<\/a><\/p><ol start=\"1\" data-spread=\"true\"><li><p><strong>A szab\u00e1lyzat c\u00e9lja<\/strong> <br \/>Jelen Adatkezel\u00e9si Szab\u00e1lyzat c\u00e9lja, hogy r\u00f6gz\u00edtse a Sprint Kft. \u00e1ltal \u00fczemeltetett weboldalon kereszt\u00fcl gy\u0171jt\u00f6tt szem\u00e9lyes adatok kezel\u00e9s\u00e9nek m\u00f3dj\u00e1t \u00e9s felt\u00e9teleit, valamint biztos\u00edtsa az \u00e9rintettek adatv\u00e9delmi jogainak \u00e9rv\u00e9nyes\u00fcl\u00e9s\u00e9t.<\/p><\/li><li><p><strong>A kezelt adatok k\u00f6re<\/strong><br \/>A weboldalon tal\u00e1lhat\u00f3 kapcsolati \u0171rlapon kereszt\u00fcl a k\u00f6vetkez\u0151 szem\u00e9lyes adatok ker\u00fclhetnek begy\u0171jt\u00e9sre:<\/p><\/li><\/ol><ul data-spread=\"false\"><li><p>N\u00e9v<\/p><\/li><li><p>E-mail c\u00edm<\/p><\/li><li><p>Telefonsz\u00e1m (opcion\u00e1lis)<\/p><\/li><li><p>\u00dczenet tartalma<\/p><\/li><\/ul><ol start=\"3\" data-spread=\"true\"><li><p><strong>Az adatkezel\u00e9s c\u00e9lja<\/strong><br \/>Az adatok kezel\u00e9s\u00e9nek c\u00e9lja a felhaszn\u00e1l\u00f3k \u00e1ltal kezdem\u00e9nyezett kapcsolatfelv\u00e9tel lehet\u0151v\u00e9 t\u00e9tele \u00e9s a megkeres\u00e9sek megv\u00e1laszol\u00e1sa.<\/p><\/li><li><p><strong>Az adatkezel\u00e9s jogalapja<\/strong><br \/>Az \u00e9rintett \u00f6nk\u00e9ntes hozz\u00e1j\u00e1rul\u00e1sa, amelyet az \u0171rlap kit\u00f6lt\u00e9s\u00e9vel \u00e9s elk\u00fcld\u00e9s\u00e9vel ad meg.<\/p><\/li><li><p><strong>S\u00fctik haszn\u00e1lata<\/strong><br \/>A weboldal s\u00fctiket haszn\u00e1l, amelyek a felhaszn\u00e1l\u00f3i \u00e9lm\u00e9ny jav\u00edt\u00e1s\u00e1t szolg\u00e1lj\u00e1k. Az al\u00e1bbi s\u00fctit\u00edpusok ker\u00fclnek alkalmaz\u00e1sra:<\/p><\/li><\/ol><p>\u00a0 \u00a0 \u00a0 5.1. <strong>Funkcion\u00e1lis s\u00fctik<\/strong><br \/>\u00a0 \u00a0A technikai t\u00e1rol\u00e1s vagy hozz\u00e1f\u00e9r\u00e9s felt\u00e9tlen\u00fcl sz\u00fcks\u00e9ges az el\u0151fizet\u0151 vagy felhaszn\u00e1l\u00f3 \u00e1ltal kifejezetten k\u00e9rt meghat\u00e1rozott szolg\u00e1ltat\u00e1s ig\u00e9nybev\u00e9tel\u00e9nek lehet\u0151v\u00e9 t\u00e9tel\u00e9hez, vagy kiz\u00e1r\u00f3lag a kommunik\u00e1ci\u00f3 elektronikus h\u00edrk\u00f6zl\u0151 h\u00e1l\u00f3zaton t\u00f6rt\u00e9n\u0151 tov\u00e1bb\u00edt\u00e1s\u00e1nak v\u00e9grehajt\u00e1s\u00e1hoz.<\/p><p>\u00a0 \u00a0 \u00a0 5.2. <strong>Statisztikai s\u00fctik<\/strong><br \/>\u00a0 \u00a0Az a technikai t\u00e1rhely vagy hozz\u00e1f\u00e9r\u00e9s, amelyet kiz\u00e1r\u00f3lag statisztikai c\u00e9lokra haszn\u00e1lnak. A Funkcion\u00e1lis s\u00fctik elengedhetetlenek a weboldal m\u0171k\u00f6d\u00e9se szempontj\u00e1b\u00f3l. A Statisztikai s\u00fctik szabadon be-, illetve kikapcsolhat\u00f3k.<\/p><ol start=\"6\" data-spread=\"true\"><li><p><strong>Az adatok t\u00e1rol\u00e1s\u00e1nak id\u0151tartama<\/strong><br \/>A kapcsolati \u0171rlapon megadott adatokat az adott \u00fcgy lez\u00e1r\u00e1s\u00e1ig, de legfeljebb 1 \u00e9vig t\u00e1roljuk. A s\u00fctik t\u00e1rol\u00e1si ideje a s\u00fctibe\u00e1ll\u00edt\u00e1sokban tekinthet\u0151 meg.<\/p><\/li><li><p><strong>Az adatokhoz val\u00f3 hozz\u00e1f\u00e9r\u00e9s \u00e9s az \u00e9rintettek jogai<\/strong><br \/>Az \u00e9rintettek b\u00e1rmikor jogosultak t\u00e1j\u00e9koztat\u00e1st k\u00e9rni szem\u00e9lyes adataik kezel\u00e9s\u00e9r\u0151l, k\u00e9rhetik azok helyesb\u00edt\u00e9s\u00e9t, t\u00f6rl\u00e9s\u00e9t vagy kezel\u00e9s\u00fck korl\u00e1toz\u00e1s\u00e1t, valamint tiltakozhatnak az adatkezel\u00e9s ellen. Ezen jogok gyakorl\u00e1sa \u00e9rdek\u00e9ben k\u00e9rj\u00fck, vegye fel a kapcsolatot az adatkezel\u0151vel az al\u00e1bbi el\u00e9rhet\u0151s\u00e9gen: <a>sprint.kft2000@gmail.com<\/a><\/p><\/li><li><p><strong>Jogorvoslati lehet\u0151s\u00e9gek<\/strong><br \/>Amennyiben az \u00e9rintett \u00fagy v\u00e9li, hogy az adatai kezel\u00e9se sor\u00e1n jogs\u00e9relem \u00e9rte, panaszt tehet a Nemzeti Adatv\u00e9delmi \u00e9s Inform\u00e1ci\u00f3szabads\u00e1g Hat\u00f3s\u00e1gn\u00e1l (NAIH).<\/p><\/li><\/ol><p>\u00a0 \u00a0El\u00e9rhet\u0151s\u00e9geik: C\u00edm: 1055 Budapest, Falk Miksa utca 9-11. Telefon: +36 (1) 391-1400 Honlap: <a>https:\/\/www.naih.hu<\/a><\/p><ol start=\"9\" data-spread=\"false\"><li><p><strong>A szab\u00e1lyzat m\u00f3dos\u00edt\u00e1sa<\/strong><br \/>A Sprint Kft. fenntartja a jogot, hogy jelen szab\u00e1lyzatot sz\u00fcks\u00e9g szerint m\u00f3dos\u00edtsa. Az aktu\u00e1lis verzi\u00f3 mindig el\u00e9rhet\u0151 a weboldalon.<\/p><\/li><\/ol><p>Mez\u0151ber\u00e9ny, 2025. febru\u00e1r 13.<\/p>\t\t\t\t\t\t\t\t<\/div>\n\t\t\t\t<\/div>\n\t\t\t\t\t<\/div>\n\t\t\t\t<\/div>\n\t\t\t\t<\/div>\n\t\t","protected":false},"excerpt":{"rendered":"<p>Adatkezel\u00e9si szab\u00e1lyzat Adatkezel\u0151 adatai: Sprint Kft.Sz\u00e9khely: 5650 Mez\u0151ber\u00e9ny, Oltv\u00e1nykert utca 17.Ad\u00f3sz\u00e1m: 12510472-2-04E-mail: sprint.kft2000@gmail.com A szab\u00e1lyzat c\u00e9lja Jelen Adatkezel\u00e9si Szab\u00e1lyzat c\u00e9lja, hogy r\u00f6gz\u00edtse a Sprint Kft. \u00e1ltal \u00fczemeltetett weboldalon kereszt\u00fcl gy\u0171jt\u00f6tt szem\u00e9lyes adatok kezel\u00e9s\u00e9nek m\u00f3dj\u00e1t \u00e9s felt\u00e9teleit, valamint biztos\u00edtsa az \u00e9rintettek adatv\u00e9delmi jogainak \u00e9rv\u00e9nyes\u00fcl\u00e9s\u00e9t. A kezelt adatok k\u00f6reA weboldalon tal\u00e1lhat\u00f3 kapcsolati \u0171rlapon kereszt\u00fcl a k\u00f6vetkez\u0151 szem\u00e9lyes [&hellip;]<\/p>\n","protected":false},"author":1,"featured_media":0,"parent":0,"menu_order":0,"comment_status":"closed","ping_status":"closed","template":"page-templates\/home.php","meta":{"footnotes":""},"class_list":["post-1967","page","type-page","status-publish","hentry"],"yoast_head":"<!-- This site is optimized with the Yoast SEO Premium plugin v24.4 (Yoast SEO v26.4) - https:\/\/yoast.com\/wordpress\/plugins\/seo\/ -->\n<title>Adatkezel\u00e9si szab\u00e1lyzat - Sprint Kft.<\/title>\n<meta name=\"robots\" content=\"index, follow, max-snippet:-1, max-image-preview:large, max-video-preview:-1\" \/>\n<link rel=\"canonical\" href=\"https:\/\/sprintkft.hu\/?page_id=1967\" \/>\n<meta property=\"og:locale\" content=\"hu_HU\" \/>\n<meta property=\"og:type\" content=\"article\" \/>\n<meta property=\"og:title\" content=\"Adatkezel\u00e9si szab\u00e1lyzat\" \/>\n<meta property=\"og:description\" content=\"Adatkezel\u00e9si szab\u00e1lyzat Adatkezel\u0151 adatai: Sprint Kft.Sz\u00e9khely: 5650 Mez\u0151ber\u00e9ny, Oltv\u00e1nykert utca 17.Ad\u00f3sz\u00e1m: 12510472-2-04E-mail: sprint.kft2000@gmail.com A szab\u00e1lyzat c\u00e9lja Jelen Adatkezel\u00e9si Szab\u00e1lyzat c\u00e9lja, hogy r\u00f6gz\u00edtse a Sprint Kft. \u00e1ltal \u00fczemeltetett weboldalon kereszt\u00fcl gy\u0171jt\u00f6tt szem\u00e9lyes adatok kezel\u00e9s\u00e9nek m\u00f3dj\u00e1t \u00e9s felt\u00e9teleit, valamint biztos\u00edtsa az \u00e9rintettek adatv\u00e9delmi jogainak \u00e9rv\u00e9nyes\u00fcl\u00e9s\u00e9t. A kezelt adatok k\u00f6reA weboldalon tal\u00e1lhat\u00f3 kapcsolati \u0171rlapon kereszt\u00fcl a k\u00f6vetkez\u0151 szem\u00e9lyes [&hellip;]\" \/>\n<meta property=\"og:url\" content=\"https:\/\/sprintkft.hu\/?page_id=1967\" \/>\n<meta property=\"og:site_name\" content=\"Sprint Kft.\" \/>\n<meta property=\"article:modified_time\" content=\"2025-02-13T16:01:53+00:00\" \/>\n<meta name=\"twitter:card\" content=\"summary_large_image\" \/>\n<meta name=\"twitter:label1\" content=\"Becs\u00fclt olvas\u00e1si id\u0151\" \/>\n\t<meta name=\"twitter:data1\" content=\"2 perc\" \/>\n<script type=\"application\/ld+json\" class=\"yoast-schema-graph\">{\"@context\":\"https:\/\/schema.org\",\"@graph\":[{\"@type\":\"WebPage\",\"@id\":\"https:\/\/sprintkft.hu\/?page_id=1967\",\"url\":\"https:\/\/sprintkft.hu\/?page_id=1967\",\"name\":\"Adatkezel\u00e9si szab\u00e1lyzat - Sprint Kft.\",\"isPartOf\":{\"@id\":\"https:\/\/sprintkft.hu\/#website\"},\"datePublished\":\"2025-02-13T15:50:29+00:00\",\"dateModified\":\"2025-02-13T16:01:53+00:00\",\"breadcrumb\":{\"@id\":\"https:\/\/sprintkft.hu\/?page_id=1967#breadcrumb\"},\"inLanguage\":\"hu\",\"potentialAction\":[{\"@type\":\"ReadAction\",\"target\":[\"https:\/\/sprintkft.hu\/?page_id=1967\"]}]},{\"@type\":\"BreadcrumbList\",\"@id\":\"https:\/\/sprintkft.hu\/?page_id=1967#breadcrumb\",\"itemListElement\":[{\"@type\":\"ListItem\",\"position\":1,\"name\":\"Kezd\u0151lap\",\"item\":\"https:\/\/sprintkft.hu\/\"},{\"@type\":\"ListItem\",\"position\":2,\"name\":\"Adatkezel\u00e9si szab\u00e1lyzat\"}]},{\"@type\":\"WebSite\",\"@id\":\"https:\/\/sprintkft.hu\/#website\",\"url\":\"https:\/\/sprintkft.hu\/\",\"name\":\"Sprint Kft.\",\"description\":\"\",\"potentialAction\":[{\"@type\":\"SearchAction\",\"target\":{\"@type\":\"EntryPoint\",\"urlTemplate\":\"https:\/\/sprintkft.hu\/?s={search_term_string}\"},\"query-input\":{\"@type\":\"PropertyValueSpecification\",\"valueRequired\":true,\"valueName\":\"search_term_string\"}}],\"inLanguage\":\"hu\"}]}<\/script>\n<!-- \/ Yoast SEO Premium plugin. -->","yoast_head_json":{"title":"Adatkezel\u00e9si szab\u00e1lyzat - Sprint Kft.","robots":{"index":"index","follow":"follow","max-snippet":"max-snippet:-1","max-image-preview":"max-image-preview:large","max-video-preview":"max-video-preview:-1"},"canonical":"https:\/\/sprintkft.hu\/?page_id=1967","og_locale":"hu_HU","og_type":"article","og_title":"Adatkezel\u00e9si szab\u00e1lyzat","og_description":"Adatkezel\u00e9si szab\u00e1lyzat Adatkezel\u0151 adatai: Sprint Kft.Sz\u00e9khely: 5650 Mez\u0151ber\u00e9ny, Oltv\u00e1nykert utca 17.Ad\u00f3sz\u00e1m: 12510472-2-04E-mail: sprint.kft2000@gmail.com A szab\u00e1lyzat c\u00e9lja Jelen Adatkezel\u00e9si Szab\u00e1lyzat c\u00e9lja, hogy r\u00f6gz\u00edtse a Sprint Kft. \u00e1ltal \u00fczemeltetett weboldalon kereszt\u00fcl gy\u0171jt\u00f6tt szem\u00e9lyes adatok kezel\u00e9s\u00e9nek m\u00f3dj\u00e1t \u00e9s felt\u00e9teleit, valamint biztos\u00edtsa az \u00e9rintettek adatv\u00e9delmi jogainak \u00e9rv\u00e9nyes\u00fcl\u00e9s\u00e9t. A kezelt adatok k\u00f6reA weboldalon tal\u00e1lhat\u00f3 kapcsolati \u0171rlapon kereszt\u00fcl a k\u00f6vetkez\u0151 szem\u00e9lyes [&hellip;]","og_url":"https:\/\/sprintkft.hu\/?page_id=1967","og_site_name":"Sprint Kft.","article_modified_time":"2025-02-13T16:01:53+00:00","twitter_card":"summary_large_image","twitter_misc":{"Becs\u00fclt olvas\u00e1si id\u0151":"2 perc"},"schema":{"@context":"https:\/\/schema.org","@graph":[{"@type":"WebPage","@id":"https:\/\/sprintkft.hu\/?page_id=1967","url":"https:\/\/sprintkft.hu\/?page_id=1967","name":"Adatkezel\u00e9si szab\u00e1lyzat - Sprint Kft.","isPartOf":{"@id":"https:\/\/sprintkft.hu\/#website"},"datePublished":"2025-02-13T15:50:29+00:00","dateModified":"2025-02-13T16:01:53+00:00","breadcrumb":{"@id":"https:\/\/sprintkft.hu\/?page_id=1967#breadcrumb"},"inLanguage":"hu","potentialAction":[{"@type":"ReadAction","target":["https:\/\/sprintkft.hu\/?page_id=1967"]}]},{"@type":"BreadcrumbList","@id":"https:\/\/sprintkft.hu\/?page_id=1967#breadcrumb","itemListElement":[{"@type":"ListItem","position":1,"name":"Kezd\u0151lap","item":"https:\/\/sprintkft.hu\/"},{"@type":"ListItem","position":2,"name":"Adatkezel\u00e9si szab\u00e1lyzat"}]},{"@type":"WebSite","@id":"https:\/\/sprintkft.hu\/#website","url":"https:\/\/sprintkft.hu\/","name":"Sprint Kft.","description":"","potentialAction":[{"@type":"SearchAction","target":{"@type":"EntryPoint","urlTemplate":"https:\/\/sprintkft.hu\/?s={search_term_string}"},"query-input":{"@type":"PropertyValueSpecification","valueRequired":true,"valueName":"search_term_string"}}],"inLanguage":"hu"}]}},"_links":{"self":[{"href":"https:\/\/sprintkft.hu\/index.php?rest_route=\/wp\/v2\/pages\/1967","targetHints":{"allow":["GET"]}}],"collection":[{"href":"https:\/\/sprintkft.hu\/index.php?rest_route=\/wp\/v2\/pages"}],"about":[{"href":"https:\/\/sprintkft.hu\/index.php?rest_route=\/wp\/v2\/types\/page"}],"author":[{"embeddable":true,"href":"https:\/\/sprintkft.hu\/index.php?rest_route=\/wp\/v2\/users\/1"}],"replies":[{"embeddable":true,"href":"https:\/\/sprintkft.hu\/index.php?rest_route=%2Fwp%2Fv2%2Fcomments&post=1967"}],"version-history":[{"count":4,"href":"https:\/\/sprintkft.hu\/index.php?rest_route=\/wp\/v2\/pages\/1967\/revisions"}],"predecessor-version":[{"id":1977,"href":"https:\/\/sprintkft.hu\/index.php?rest_route=\/wp\/v2\/pages\/1967\/revisions\/1977"}],"wp:attachment":[{"href":"https:\/\/sprintkft.hu\/index.php?rest_route=%2Fwp%2Fv2%2Fmedia&parent=1967"}],"curies":[{"name":"wp","href":"https:\/\/api.w.org\/{rel}","templated":true}]}}